{"id":216,"date":"2018-07-12T15:01:09","date_gmt":"2018-07-12T15:01:09","guid":{"rendered":"http:\/\/bidit.mx\/index.php\/materialis\/"},"modified":"2018-07-17T15:58:54","modified_gmt":"2018-07-17T15:58:54","slug":"materialis","status":"publish","type":"page","link":"https:\/\/bidit.mx\/","title":{"rendered":"Front Page"},"content":{"rendered":"<div  data-label=\"Overlappable\" data-id=\"overlappable--NaN\" data-export-id=\"overlappable-4\" data-category=\"overlappable\" class=\"overlappable-4 content-section content-section-spacing-large\" data-overlap=\"true\" id=\"overlappable-9\" style=\"background-color: #f5fafd; background-image: none;\">\n<div  class=\"gridContainer\">\n<div  data-type=\"row\" class=\"row spaced-cols text-center content-left-sm\">\n<div  class=\"col-xs-12 col-sm-4 \">\n<div  data-type=\"column\" class=\"\">\n<p  class=\"\">Brindamos consultor\u00eda integral en la transformaci\u00f3n digital de tu negocio.<\/p>\n\n<\/div>\n<\/div>\n<div  class=\"col-xs-12 col-sm-4 \">\n<div  data-type=\"column\" class=\"\">\n<p  class=\"\">Adapta tu negocio a la era digital.<\/p>\n<p  class=\"\">Contamos con Data Center, aplicaciones, nube, seguridad y servicios de soporte.<\/p>\n\n<\/div>\n<\/div>\n<div  class=\"col-xs-12 col-sm-4\">\n<div  data-type=\"column\" class=\"\">\n\n<img decoding=\"async\"  class=\"custom-image\" src=\"http:\/\/bidit.mx\/wp-content\/uploads\/2018\/07\/cropped-BiDiT_for_web-5.png\">\n<h6  class=\"\">Business Digital Transformation<\/h6>\n<\/div>\n<\/div>\n<\/div>\n<\/div>\n<\/div><div  id=\"servicios\" style=\"background-color: #ffffff;\" data-label=\"Servicios\" data-id=\"features-10-materialis\" data-export-id=\"features-10-materialis\" data-category=\"features\" class=\"features-10m content-section-spacing-large content-section\">\n<div  class=\"\">\n<div  class=\"row\">\n<div  class=\"section-title-col\" data-type=\"column\">\n<h2  class=\"\">Servicios<\/h2>\n<p  class=\"\">Asesor\u00eda y Consutor\u00eda en Transformaci\u00f3n Digital<\/p>\n\n<\/div>\n<\/div>\n<div  class=\"row \">\n<div  class=\"col-md-10 col-md-offset-1 \">\n<div  class=\"row space-top spaced-cols content-left-sm\" data-type=\"row\">\n<div  class=\"col-md-4 col-sm-6 col-sm-offset-0 col-xs-10 col-xs-offset-1\">\n<div  class=\"card no-radius mdc-elevation--z1 y-move bg-color-white padding-24 bordered\" data-type=\"column\">\n\n<img loading=\"lazy\" decoding=\"async\"  class=\"custom-image alignnone\" src=\"http:\/\/bidit.mx\/wp-content\/uploads\/2018\/07\/cropped-DataCenter-2.png\" width=\"95\" height=\"84\">\n<h6  class=\"\">Data Center<\/h6>\n<p  class=\"\"><span  class=\"color_11\"><span  style=\"font-size: 14px;\">Brindamos los recursos tradicionales de un centro de datos como potencia de procesamiento, memoria y almacenamiento de computaci\u00f3n en un ambiente virtualizado sobre una red y esto lo hace altamente escalable<\/span><\/span>.<\/p>\n&nbsp;\n\n<\/div>\n<\/div>\n<div  class=\"col-md-4 col-sm-6 col-sm-offset-0 col-xs-10 col-xs-offset-1\">\n<div  class=\"card no-radius mdc-elevation--z1 y-move bg-color-white padding-24 bordered\" data-type=\"column\">\n\n<i  class=\"mdi icon color1 mdi-apple-mobileme reverse round big\"><\/i>\n<h6  class=\"\">Nube<\/h6>\n<p  class=\"\"><span  class=\"color_11\"><span  style=\"font-size: 14px;\">Utiliza la\ntecnolog\u00eda cuando la necesitas, por el tiempo que lo necesitas sin\ninstalaciones locales, ni pagos cuando no lo usas. Podr\u00e1s enfocarte en\nlo que es realmente importante para tu negocio. &nbsp; &nbsp; &nbsp; &nbsp; &nbsp; &nbsp; &nbsp; &nbsp; &nbsp; &nbsp; &nbsp;&nbsp; <\/span><\/span><\/p>\n\n<\/div>\n<\/div>\n<div  class=\"col-md-4 col-sm-6 col-sm-offset-0 col-xs-10 col-xs-offset-1\">\n<div  class=\"card no-radius mdc-elevation--z1 y-move bg-color-white padding-24 bordered\" data-type=\"column\">\n\n<img decoding=\"async\"  class=\"custom-image\" src=\"http:\/\/bidit.mx\/wp-content\/uploads\/2018\/07\/cropped-Seguridad.png\">\n<h6  class=\"\">Seguridad<\/h6>\n<p  class=\"\"><span  class=\"color_11\"><span  style=\"font-size: 14px;\">Soluciones\ninteligentes para proteger tu informaci\u00f3n, con nuestros firewalls de 4ta\ngeneraci\u00f3n; podr\u00e1s utilizar, publicar y manejar aplicaciones con la\nseguridad de que las amenazas se mantendr\u00e1n alejadas<\/span><\/span>.<\/p>\n\n<\/div>\n<\/div>\n<div  class=\"col-md-4 col-sm-6 col-sm-offset-0 col-xs-10 col-xs-offset-1\">\n<div  class=\"card no-radius mdc-elevation--z1 y-move bg-color-white padding-24 bordered\" data-type=\"column\">\n\n<i  class=\"mdi icon color1 mdi-account-multiple reverse round big\"><\/i>\n<h6  class=\"\">Soporte<\/h6>\n<p  class=\"\"><span  class=\"color_11\"><span  style=\"font-size: 14px;\">Soluciones\ninteligentes dise\u00f1adas a tu medida; ninguna compa\u00f1\u00eda es igual ya que\ncada una constituye un universo particular, de este modo evitamos los\nriesgos financieros que conlleva la sobredimensi\u00f3n y el c\u00f3mputo excesivo.<\/span><\/span><\/p>\n\n<\/div>\n<\/div>\n<div  class=\"col-md-4 col-sm-6 col-sm-offset-0 col-xs-10 col-xs-offset-1\">\n<div  class=\"card no-radius mdc-elevation--z1 y-move bg-color-white padding-24 bordered\" data-type=\"column\">\n\n<i  class=\"mdi icon color1 mdi-cellphone-iphone reverse round big\"><\/i>\n<h6  class=\"\">Aplicaciones<\/h6>\n<p  class=\"\"><span  class=\"color_11\"><span  style=\"font-size: 14px;\">Servicios orientados al desarrollo y despliegue de aplicaciones sobre la plataforma de la nube<\/span><\/span>. &nbsp;&nbsp;&nbsp;&nbsp;&nbsp;&nbsp;&nbsp;&nbsp;&nbsp;&nbsp;&nbsp;&nbsp;&nbsp; \n<br ><br >&nbsp;&nbsp;&nbsp;&nbsp;&nbsp;&nbsp;&nbsp;&nbsp;&nbsp;&nbsp;&nbsp;&nbsp;&nbsp;&nbsp;&nbsp;&nbsp;&nbsp;&nbsp;&nbsp;&nbsp;&nbsp;&nbsp;&nbsp;&nbsp;&nbsp;&nbsp;&nbsp;&nbsp;&nbsp;&nbsp;&nbsp;&nbsp;&nbsp;&nbsp;&nbsp;&nbsp;&nbsp;&nbsp;&nbsp;&nbsp;&nbsp;&nbsp;&nbsp;&nbsp;&nbsp;&nbsp;&nbsp;&nbsp;&nbsp;&nbsp;&nbsp;&nbsp;&nbsp;&nbsp;&nbsp;&nbsp;&nbsp;&nbsp;&nbsp;&nbsp;&nbsp;&nbsp;&nbsp;&nbsp;&nbsp;&nbsp; <\/p>\n&nbsp;\n\n&nbsp;\n\n&nbsp;\n\n&nbsp;\n\n<\/div>\n<\/div>\n<div  class=\"col-md-4 col-sm-6 col-sm-offset-0 col-xs-10 col-xs-offset-1\">\n<div  class=\"card no-radius mdc-elevation--z1 y-move bg-color-white padding-24 bordered\" data-type=\"column\">\n\n<i  class=\"mdi icon color1 mdi-adjust reverse round big\"><\/i>\n<h6  class=\"\">Certificaciones<\/h6>\n<p  class=\"\"><span  class=\"color_11\"><span  style=\"font-size: 14px;\">Contamos con certificaciones de data center internacionales, que garantizan la continuidad de tu negocio y la integridad de tu informaci\u00f3n para estar disponible cuando la necesitas<\/span><\/span>.<\/p>\n&nbsp;\n\n<\/div>\n<\/div>\n<\/div>\n<\/div>\n<\/div>\n<\/div>\n<\/div><div  data-label=\"Quienes somos\" data-id=\"features--NaN\" data-export-id=\"features-16\" data-category=\"features\" class=\"features-16 content-section content-section-spacing-large\" id=\"quienes-somos\" style=\"background-color: #f5fafd;\">\n<div  class=\"\">\n<div  class=\"row text-center\">\n<div  class=\"section-title-col\" data-type=\"column\">\n<h2  class=\"\">Quienes somos\n<\/h2>\n<p  class=\"\">&nbsp;&nbsp;&nbsp;&nbsp;&nbsp;&nbsp;&nbsp;&nbsp;&nbsp;&nbsp;&nbsp;&nbsp;&nbsp;&nbsp;&nbsp;&nbsp;&nbsp;&nbsp;&nbsp;&nbsp;&nbsp;&nbsp;&nbsp;&nbsp;&nbsp;&nbsp;&nbsp;&nbsp;&nbsp;&nbsp;&nbsp;&nbsp;&nbsp;&nbsp;&nbsp;&nbsp;&nbsp;&nbsp;&nbsp;&nbsp;&nbsp;&nbsp;&nbsp;&nbsp;&nbsp;&nbsp;&nbsp;&nbsp;&nbsp;&nbsp;&nbsp;&nbsp;&nbsp;&nbsp;&nbsp;&nbsp;&nbsp;&nbsp;&nbsp;&nbsp;&nbsp;&nbsp;&nbsp;&nbsp;&nbsp;&nbsp;&nbsp;&nbsp;&nbsp;&nbsp;&nbsp;&nbsp;&nbsp;&nbsp;&nbsp;&nbsp;&nbsp;&nbsp;&nbsp;&nbsp;&nbsp;&nbsp;&nbsp;&nbsp;&nbsp;&nbsp;&nbsp;&nbsp;&nbsp;&nbsp;&nbsp;&nbsp;&nbsp;&nbsp;&nbsp;&nbsp;&nbsp;&nbsp;&nbsp;&nbsp;&nbsp;&nbsp;&nbsp;&nbsp;&nbsp;&nbsp;&nbsp;&nbsp;&nbsp;&nbsp;&nbsp;&nbsp;&nbsp;&nbsp;&nbsp;&nbsp;&nbsp;&nbsp;&nbsp;&nbsp;&nbsp;&nbsp;&nbsp;&nbsp;&nbsp;&nbsp;&nbsp;&nbsp;&nbsp;&nbsp;&nbsp;&nbsp;&nbsp;&nbsp;&nbsp;&nbsp;&nbsp;&nbsp;&nbsp;&nbsp;&nbsp;&nbsp;&nbsp;&nbsp;&nbsp;&nbsp;&nbsp;&nbsp;&nbsp;&nbsp;&nbsp;&nbsp;&nbsp;&nbsp;&nbsp;&nbsp;&nbsp;&nbsp;&nbsp;&nbsp;&nbsp;&nbsp;&nbsp;&nbsp;&nbsp;&nbsp;&nbsp;&nbsp;&nbsp;&nbsp;&nbsp;&nbsp;&nbsp;&nbsp;&nbsp;&nbsp;&nbsp;&nbsp;&nbsp;&nbsp;&nbsp;&nbsp;&nbsp;&nbsp;&nbsp;&nbsp;&nbsp;&nbsp;&nbsp;&nbsp;&nbsp;&nbsp;&nbsp;&nbsp;&nbsp;&nbsp;&nbsp;&nbsp;&nbsp;&nbsp;&nbsp;&nbsp;&nbsp;&nbsp;&nbsp;&nbsp;&nbsp;&nbsp;&nbsp;&nbsp;&nbsp;&nbsp;&nbsp;&nbsp;&nbsp;&nbsp;&nbsp;&nbsp;&nbsp;&nbsp;&nbsp;&nbsp;&nbsp;&nbsp;&nbsp;&nbsp;&nbsp;&nbsp;&nbsp;&nbsp;&nbsp;&nbsp;&nbsp;&nbsp;\n<\/p><p  style=\"text-align: left;\" class=\"\">En Bidit nos respaldan m\u00e1s de 20 a\u00f1os de experiencia. Vimos nacer la tecnolog\u00eda y hemos evolucionado junto con ella, entendiento c\u00f3mo usarla a tu favor.<\/p>\n<p  style=\"text-align: left;\" class=\"\">\u200b\nNuestros servicios administrados de TI garantizan la disponibilidad de todas tus operaciones gracias a nuestros Data Center con certificaciones internacionales y cumpliendo con los m\u00e1s altos est\u00e1ndares de calidad.<\/p>\n<p  style=\"text-align: left;\" class=\"\">\u200b\nEstamos comprometidos en transformar digitalmente la empresa para enfrentar los nuevos retos de tu negocio.\n<br ><br >\n<\/p>\n\n<h3  class=\"\">\u00bfD\u00f3nde estamos?<\/h3>\n<\/div>\n<\/div>\n<div  class=\"row spaced-cols content-center-sm center-sm\" data-type=\"row\">\n<div  class=\"col-xs-12 col-sm-6 space-bottom col-md-12\">\n\n<img decoding=\"async\"  class=\"face mdc-elevation--z3\" src=\"http:\/\/bidit.mx\/wp-content\/uploads\/2018\/07\/cropped-donde-estamos.png\">\n\n<\/div>\n<\/div>\n<\/div>\n<\/div><div  data-label=\"Clientes\" data-id=\"clients--1\" data-export-id=\"clients-2\" data-category=\"clients\" class=\"clients-2 content-section content-section-spacing-large\" id=\"clientes\" style=\"background-color: #f5fafd;\">\n<div  class=\"gridContainer\">\n<div  class=\"row\">\n<div  class=\"section-title-col\" data-type=\"column\">\n<h2  class=\"font-700\">Nuestros Clientes<\/h2>\n\n\n<\/div>\n<\/div>\n<div  class=\"row center-xs spaced-cols middle-sm\" data-type=\"row\">\n<div  class=\"col-xs-6 col-sm-3\"><img decoding=\"async\"  src=\"http:\/\/bidit.mx\/wp-content\/uploads\/2018\/07\/cropped-miymsa.gif\" class=\"\"><\/div>\n<div  class=\"col-xs-6 col-sm-3\"><img decoding=\"async\"  src=\"http:\/\/bidit.mx\/wp-content\/uploads\/2018\/07\/cropped-casanova-renta-de-autos-24.jpg\" class=\"\"><\/div>\n<div  class=\"col-xs-6 col-sm-3\"><img decoding=\"async\"  src=\"http:\/\/bidit.mx\/wp-content\/uploads\/2018\/07\/cropped-devlyn.jpg\" class=\"\"><\/div>\n<div  class=\"col-xs-6 col-sm-3\"><img decoding=\"async\"  src=\"http:\/\/bidit.mx\/wp-content\/uploads\/2018\/07\/cropped-integra.jpg\" class=\"\"><\/div>\n<\/div>\n<\/div>\n<\/div><div  id=\"contacto\" data-label=\"Contacto\" data-id=\"contact-1\" data-export-id=\"contact-1\" data-category=\"contact\" class=\"contact-1 content-section content-section-spacing-large content-relative white-text\" data-parallax-depth=\"20\" style=\"background-image: url(&quot;http:\/\/bidit.mx\/wp-content\/uploads\/2018\/07\/J59.gif&quot;); background-size: cover; background-position: center top;\">\n<div  class=\"gridContainer\">\n<div  class=\"row text-center\">\n<div  class=\"section-title-col\" data-type=\"column\">\n<h2  class=\"\">Cont\u00e1ctanos<\/h2>\n\n\n<\/div>\n<\/div>\n<div  class=\"row text-center\">\n<div  class=\"col-xs-12 col-sm-8 col-sm-offset-2 contact-form-wrapper inline-info\">\n<div  class=\"card mdc-elevation--z3 col-padding-top\">\n<div  class=\"dark-text\" data-content-shortcode=\"materialis_contact_form shortcode=&quot;wpforms id=&amp;amp;quot;342&amp;amp;quot;&quot;\" data-editable=\"true\"><div class=\"wpforms-container wpforms-container-full\" id=\"wpforms-342\"><form id=\"wpforms-form-342\" class=\"wpforms-validate wpforms-form\" data-formid=\"342\" method=\"post\" enctype=\"multipart\/form-data\" action=\"\/index.php\/wp-json\/wp\/v2\/pages\/216\" data-token=\"6f84639d7d389ad6850aa81eeedd61a2\" data-token-time=\"1775366381\"><noscript class=\"wpforms-error-noscript\">Please enable JavaScript in your browser to complete this form.<\/noscript><div class=\"wpforms-field-container\"><div id=\"wpforms-342-field_0-container\" class=\"wpforms-field wpforms-field-name\" data-field-id=\"0\"><label class=\"wpforms-field-label\">Name <span class=\"wpforms-required-label\">*<\/span><\/label><div class=\"wpforms-field-row wpforms-field-medium\"><div class=\"wpforms-field-row-block wpforms-first wpforms-one-half\"><input type=\"text\" id=\"wpforms-342-field_0\" class=\"wpforms-field-name-first wpforms-field-required\" name=\"wpforms[fields][0][first]\" required><label for=\"wpforms-342-field_0\" class=\"wpforms-field-sublabel after\">First<\/label><\/div><div class=\"wpforms-field-row-block wpforms-one-half\"><input type=\"text\" id=\"wpforms-342-field_0-last\" class=\"wpforms-field-name-last wpforms-field-required\" name=\"wpforms[fields][0][last]\" required><label for=\"wpforms-342-field_0-last\" class=\"wpforms-field-sublabel after\">Last<\/label><\/div><\/div><\/div><div id=\"wpforms-342-field_1-container\" class=\"wpforms-field wpforms-field-email\" data-field-id=\"1\"><label class=\"wpforms-field-label\" for=\"wpforms-342-field_1\">Email <span class=\"wpforms-required-label\">*<\/span><\/label><input type=\"email\" id=\"wpforms-342-field_1\" class=\"wpforms-field-medium wpforms-field-required\" name=\"wpforms[fields][1]\" spellcheck=\"false\" required><\/div><div id=\"wpforms-342-field_2-container\" class=\"wpforms-field wpforms-field-textarea\" data-field-id=\"2\"><label class=\"wpforms-field-label\" for=\"wpforms-342-field_2\">Comment or Message <span class=\"wpforms-required-label\">*<\/span><\/label><textarea id=\"wpforms-342-field_2\" class=\"wpforms-field-medium wpforms-field-required\" name=\"wpforms[fields][2]\" required><\/textarea><\/div><\/div><!-- .wpforms-field-container --><div class=\"wpforms-field wpforms-field-hp\"><label for=\"wpforms-342-field-hp\" class=\"wpforms-field-label\">Name<\/label><input type=\"text\" name=\"wpforms[hp]\" id=\"wpforms-342-field-hp\" class=\"wpforms-field-medium\"><\/div><div class=\"wpforms-submit-container\" ><input type=\"hidden\" name=\"wpforms[id]\" value=\"342\"><input type=\"hidden\" name=\"page_title\" value=\"\"><input type=\"hidden\" name=\"page_url\" value=\"https:\/\/bidit.mx\/index.php\/wp-json\/wp\/v2\/pages\/216\"><input type=\"hidden\" name=\"url_referer\" value=\"\"><button type=\"submit\" name=\"wpforms[submit]\" id=\"wpforms-submit-342\" class=\"wpforms-submit\" data-alt-text=\"Sending...\" data-submit-text=\"Submit\" aria-live=\"assertive\" value=\"wpforms-submit\">Submit<\/button><\/div><\/form><\/div>  <!-- .wpforms-container --><\/div>\n<\/div>\n<\/div>\n<\/div>\n<\/div>\n<\/div>","protected":false},"excerpt":{"rendered":"<p>Brindamos consultor\u00eda integral en la transformaci\u00f3n digital de tu negocio. Adapta tu negocio a la era digital. Contamos con Data Center, aplicaciones, nube, seguridad y servicios de soporte. Business Digital Transformation Servicios Asesor\u00eda y Consutor\u00eda en Transformaci\u00f3n Digital Data Center Brindamos los recursos tradicionales de un centro de datos como potencia de procesamiento, memoria y&nbsp;&hellip;<\/p>\n","protected":false},"author":1,"featured_media":0,"parent":0,"menu_order":0,"comment_status":"closed","ping_status":"closed","template":"page-templates\/homepage.php","meta":{"footnotes":""},"class_list":["post-216","page","type-page","status-publish","hentry"],"_links":{"self":[{"href":"https:\/\/bidit.mx\/index.php\/wp-json\/wp\/v2\/pages\/216","targetHints":{"allow":["GET"]}}],"collection":[{"href":"https:\/\/bidit.mx\/index.php\/wp-json\/wp\/v2\/pages"}],"about":[{"href":"https:\/\/bidit.mx\/index.php\/wp-json\/wp\/v2\/types\/page"}],"author":[{"embeddable":true,"href":"https:\/\/bidit.mx\/index.php\/wp-json\/wp\/v2\/users\/1"}],"replies":[{"embeddable":true,"href":"https:\/\/bidit.mx\/index.php\/wp-json\/wp\/v2\/comments?post=216"}],"version-history":[{"count":36,"href":"https:\/\/bidit.mx\/index.php\/wp-json\/wp\/v2\/pages\/216\/revisions"}],"predecessor-version":[{"id":352,"href":"https:\/\/bidit.mx\/index.php\/wp-json\/wp\/v2\/pages\/216\/revisions\/352"}],"wp:attachment":[{"href":"https:\/\/bidit.mx\/index.php\/wp-json\/wp\/v2\/media?parent=216"}],"curies":[{"name":"wp","href":"https:\/\/api.w.org\/{rel}","templated":true}]}}